
{"id":5045,"date":"2025-10-27T08:35:33","date_gmt":"2025-10-27T08:35:33","guid":{"rendered":"https:\/\/norvix.eu\/?page_id=5045"},"modified":"2026-01-29T12:46:49","modified_gmt":"2026-01-29T12:46:49","slug":"privacy-policy","status":"publish","type":"page","link":"https:\/\/norvix.eu\/sr\/privacy-policy\/","title":{"rendered":"Politika privatnosti i za\u0161tita va\u0161ih li\u010dnih podataka"},"content":{"rendered":"\n<p class=\"\">Ovde mo\u017eete saznati za\u0161to kompanija <strong>AG Skupina d.o.o.<\/strong> tra\u017ei da podelite svoje li\u010dne podatke prilikom kori\u0161\u0107enja na\u0161eg web-sajta i na koji na\u010din obra\u0111ujemo va\u0161e li\u010dne informacije.<\/p>\n\n\n\n<p class=\"\">Kompanija <strong>AG Skupina d.o.o.<\/strong> (u daljem tekstu \u2013 Kompanija) u potpunosti po\u0161tuje bezbednost va\u0161ih li\u010dnih podataka. Prikupljamo odre\u0111ene li\u010dne i kontakt informacije osoba koje pose\u0107uju na\u0161 veb-sajt, tra\u017ee dodatne informacije o uslugama koje Kompanija pru\u017ea i koje nas kontaktiraju u tu svrhu putem veb-sajta, internet komunikacionih sistema (email, Skype, WhatsApp, Viber, Facebook, VK i drugi) ili telefona.<\/p>\n\n\n\n<h3 class=\"wp-block-heading\" id=\"h-kompanija-primenjuje-sledece-principe-obrade-licnih-podataka\">Kompanija primenjuje slede\u0107e principe obrade li\u010dnih podataka:<\/h3>\n\n\n\n<ul class=\"wp-block-list\">\n<li>Kompanija prikuplja, obra\u0111uje i \u010duva li\u010dne podatke na zakonit, korektan i transparentan na\u010din;<\/li>\n\n\n\n<li>Pre prijema li\u010dnih podataka, Kompanija ima jasno definisane i legitimne svrhe za njihovo prikupljanje, obradu i \u010duvanje; ne obra\u0111uje podatke koji nisu u skladu sa tim ciljevima;<\/li>\n\n\n\n<li>Kompanija prikuplja, obra\u0111uje i \u010duva li\u010dne podatke isklju\u010divo uz slobodnu volju i pristanak vlasnika, tj. subjekta li\u010dnih podataka;<\/li>\n\n\n\n<li>Prilikom obrade li\u010dnih podataka, Kompanija uvek postupa u skladu sa obimom, prirodom, na\u010dinom i vremenom obrade i \u010duvanja li\u010dnih podataka;<\/li>\n\n\n\n<li>Sam subjekt podataka odgovoran je za ta\u010dnost, validnost i a\u017eurnost svojih li\u010dnih podataka;<\/li>\n\n\n\n<li>Li\u010dni podaci u obliku koji omogu\u0107ava identifikaciju subjekta podataka \u010duvaju se samo onoliko dugo koliko je neophodno za obradu tih podataka;<\/li>\n\n\n\n<li>Kompanija garantuje da \u0107e uni\u0161titi ili anonimizovati li\u010dne podatke nakon ostvarenja svrhe obrade, ili po prijemu zahteva za uni\u0161tenje ili anonimizaciju od strane subjekta podataka, osim ako zakon ne nala\u017ee njihovo dalje \u010duvanje.<\/li>\n<\/ul>\n\n\n\n<hr class=\"wp-block-separator has-alpha-channel-opacity\"\/>\n\n\n\n<h3 class=\"wp-block-heading\" id=\"h-kompanija-prikuplja-obraduje-i-cuva-licne-podatke-u-sledece-svrhe\">Kompanija prikuplja, obra\u0111uje i \u010duva li\u010dne podatke u slede\u0107e svrhe:<\/h3>\n\n\n\n<ul class=\"wp-block-list\">\n<li>omogu\u0107avanje komunikacije sa Kompanijom putem veb kontakt forme i drugih internet komunikacionih sistema;<\/li>\n\n\n\n<li>sprovo\u0111enje li\u010dnih i anonimnih analiza u skladu sa interesovanjima subjekta podataka u vezi sa delatno\u0161\u0107u Kompanije;<\/li>\n\n\n\n<li>zaklju\u010divanje i izvr\u0161avanje ugovora sa subjektima podataka;<\/li>\n\n\n\n<li>marketing usluga Kompanije;<\/li>\n\n\n\n<li>sprovo\u0111enje anketa, kampanja i istra\u017eivanja;<\/li>\n\n\n\n<li>kreiranje internih statisti\u010dkih izve\u0161taja radi daljeg razvoja Kompanije.<\/li>\n<\/ul>\n\n\n\n<hr class=\"wp-block-separator has-alpha-channel-opacity\"\/>\n\n\n\n<h3 class=\"wp-block-heading\" id=\"h-koje-licne-podatke-kompanija-prikuplja\">Koje li\u010dne podatke Kompanija prikuplja?<\/h3>\n\n\n\n<p class=\"\">Ve\u0107ina onlajn resursa Kompanije (veb-sajt, Skype, WhatsApp, Viber, Facebook, VK i drugi) mo\u017ee se koristiti bez otkrivanja identiteta.<br>Ako se registrujete putem veb forme, komunicirate sa Kompanijom putem internet komunikacionih sistema, emaila ili telefona, Kompanija mo\u017ee zatra\u017eiti slede\u0107e podatke: ime i prezime, email adresu, broj telefona, \u017eeljeni kanal komunikacije i informacije o va\u0161im interesovanjima u okviru poslovanja Kompanije.<\/p>\n\n\n\n<p class=\"\">U slu\u010daju specifi\u010dnih zahteva, Kompanija mo\u017ee tra\u017eiti i datum\/godinu ro\u0111enja, dr\u017eavu prebivali\u0161ta, stepen obrazovanja i, prema dogovoru, dodatne informacije. Napominjemo da se lista prikupljenih podataka mo\u017ee razlikovati u zavisnosti od sistema komunikacije koji koristite.<\/p>\n\n\n\n<p class=\"\">Uvek vi odlu\u010dujete koje informacije \u0107ete podeliti sa Kompanijom. Kompanija prikuplja samo one podatke koje vi dobrovoljno i direktno dostavite. U svakom trenutku bi\u0107ete obave\u0161teni koje su informacije potrebne da bismo vam pru\u017eili \u017eeljenu uslugu.<\/p>\n\n\n\n<hr class=\"wp-block-separator has-alpha-channel-opacity\"\/>\n\n\n\n<h3 class=\"wp-block-heading\" id=\"h-kolacici-cookies\">Kola\u010di\u0107i (Cookies)<\/h3>\n\n\n\n<p class=\"\">Kola\u010di\u0107i su datoteke koje omogu\u0107avaju br\u017ei i efikasniji pristup na\u0161em sajtu. Oni \u010duvaju individualna korisni\u010dka pode\u0161avanja koja korisnik odredi prilikom posete sajtu.<br>Kola\u010di\u0107i se \u010duvaju na ure\u0111ajima kojima pristupate veb-sajtu i mogu se u svakom trenutku obrisati ili onemogu\u0107iti u pode\u0161avanjima pregleda\u010da.<\/p>\n\n\n\n<hr class=\"wp-block-separator has-alpha-channel-opacity\"\/>\n\n\n\n<h3 class=\"wp-block-heading\" id=\"h-siguran-pristup-licnim-podacima-u-kompaniji\">Siguran pristup li\u010dnim podacima u Kompaniji<\/h3>\n\n\n\n<p class=\"\">Za sigurnost svih podataka, uklju\u010duju\u0107i i one poslati putem sajta, koristimo <strong>HTTPS<\/strong> protokol. SSL kriptografski protokol obezbe\u0111uje enkripciju podataka izme\u0111u servera i va\u0161eg pregleda\u010da.<br>Li\u010dni podaci klijenata Kompanije \u010duvaju se u elektronskom obliku na serverima u korporativnom skladi\u0161tu podataka.<\/p>\n\n\n\n<hr class=\"wp-block-separator has-alpha-channel-opacity\"\/>\n\n\n\n<h3 class=\"wp-block-heading\" id=\"h-statisticka-analiza\">Statisti\u010dka analiza<\/h3>\n\n\n\n<p class=\"\">Na\u0161 veb-sajt koristi alate za statisti\u010dku analizu unetih podataka kako bi se pobolj\u0161ao kvalitet usluga.<br>Informacije o posetama sajtu \u010duvaju se u elektronskim zapisima (log fajlovima) na veb serveru.<br>Radi analize i unapre\u0111enja kampanja, na\u0161 sajt koristi eksterne analiti\u010dke servise kompanija <strong>Google Inc.<\/strong>, <strong>Yandex<\/strong> i <strong>Facebook<\/strong>.<br>Ako ne \u017eelite da ti provajderi koriste informacije o va\u0161im aktivnostima na na\u0161em sajtu, mo\u017eete deaktivirati JavaScript u pregleda\u010du, ali tada ne\u0107ete mo\u0107i da koristite spoljne informacione izvore na na\u0161em sajtu.<\/p>\n\n\n\n<hr class=\"wp-block-separator has-alpha-channel-opacity\"\/>\n\n\n\n<h3 class=\"wp-block-heading\" id=\"h-spoljni-izvori-informacija\">Spoljni izvori informacija<\/h3>\n\n\n\n<ul class=\"wp-block-list\">\n<li><strong>Google Maps<\/strong> (Google Inc.) prikazuje interaktivne mape i pravce do na\u0161ih kancelarija.<\/li>\n\n\n\n<li>Vid\u017eeti na\u0161ih stranica na dru\u0161tvenim mre\u017eama <strong>Facebook<\/strong> i <strong>VK<\/strong> prikazuju aktuelne informacije o sadr\u017eaju sajta.<\/li>\n\n\n\n<li>Ikonice sa linkovima ka dru\u0161tvenim mre\u017eama poput <strong>Facebook<\/strong>-a, <strong>VK<\/strong>-a, X-a, <strong>Google+<\/strong>-a itd.<\/li>\n\n\n\n<li>Linkovi ka drugim sajtovima preusmeravaju vas direktno na te veb-stranice.<\/li>\n<\/ul>\n\n\n\n<p class=\"\">Kori\u0161\u0107enje eksternih izvora informacija ure\u0111uju njihovi sopstveni operateri. Spoljni operateri nemaju pristup li\u010dnim podacima posetilaca na\u0161eg sajta.<\/p>\n\n\n\n<hr class=\"wp-block-separator has-alpha-channel-opacity\"\/>\n\n\n\n<h3 class=\"wp-block-heading\" id=\"h-pretplata-na-newsletter\">Pretplata na newsletter<\/h3>\n\n\n\n<p class=\"\">Distribuciju newsletter-a preko na\u0161eg sajta obavlja eksterni servis.<br>U okviru ovog servisa, Kompanija pru\u017ea samo one podatke koje korisnik unese prilikom pretplate, jer su tehni\u010dki neophodni za slanje newsletter-a.<br>Mo\u017eete se odjaviti u bilo kom trenutku klikom na link <strong>\u201eOdjavi se\u201c<\/strong> koji se nalazi na dnu svakog newsletter-a.<\/p>\n\n\n\n<hr class=\"wp-block-separator has-alpha-channel-opacity\"\/>\n\n\n\n<h3 class=\"wp-block-heading\" id=\"h-mere-opreza\">Mere opreza<\/h3>\n\n\n\n<p class=\"\">Radi za\u0161tite li\u010dnih podataka, na\u0161i stru\u010dnjaci su implementirali tehni\u010dke i organizacione mere koje spre\u010davaju namernu ili slu\u010dajnu manipulaciju podacima, neovla\u0161\u0107eni pristup, izmene ili uni\u0161tenje informacija.<br>Prenos podataka sa sajta odvija se putem enkriptovanog kanala koriste\u0107i <strong>SSL sertifikat<\/strong>. Ure\u0111aji na kojima se \u010duvaju podaci za\u0161ti\u0107eni su sistemima autentifikacije, autorizacije i revizije pristupa zaposlenih, kao i firewall i antivirus za\u0161titom.<\/p>\n\n\n\n<p class=\"\">Uprkos svim merama, va\u017eno je napomenuti da prenos podataka putem interneta uvek nosi odre\u0111eni nivo rizika. Preporu\u010dujemo upotrebu enkripcije, lozinki i drugih mera za\u0161tite. Za slanje poverljivih dokumenata preporu\u010dujemo kori\u0161\u0107enje klasi\u010dne po\u0161te.<\/p>\n\n\n\n<hr class=\"wp-block-separator has-alpha-channel-opacity\"\/>\n\n\n\n<h3 class=\"wp-block-heading\" id=\"h-period-cuvanja-licnih-podataka\">Period \u010duvanja li\u010dnih podataka<\/h3>\n\n\n\n<p class=\"\">Kompanija \u010duva li\u010dne podatke <strong>pet (5) godina<\/strong> od datuma davanja saglasnosti subjekta podataka ili do datuma pisanog zahteva za brisanje podataka od strane subjekta.<\/p>\n\n\n\n<hr class=\"wp-block-separator has-alpha-channel-opacity\"\/>\n\n\n\n<h3 class=\"wp-block-heading\" id=\"h-prenos-licnih-podataka-trecim-licima\">Prenos li\u010dnih podataka tre\u0107im licima<\/h3>\n\n\n\n<p class=\"\">Kompanija ne otkriva prikupljene li\u010dne podatke, osim u slu\u010dajevima kada je to zakonom propisano.<br>To uklju\u010duje knjigovodstvene potrebe i slu\u010dajeve kada subjekt podataka ovlasti Kompaniju ili tre\u0107e lice za prenos podataka. Ovla\u0161\u0107eni predstavnici Kompanije prikupljaju, obra\u0111uju i \u010duvaju podatke u skladu sa politikom za\u0161tite li\u010dnih podataka Kompanije.<\/p>\n\n\n\n<hr class=\"wp-block-separator has-alpha-channel-opacity\"\/>\n\n\n\n<h3 class=\"wp-block-heading\" id=\"h-vasa-prava-u-vezi-sa-licnim-podacima\">Va\u0161a prava u vezi sa li\u010dnim podacima<\/h3>\n\n\n\n<p class=\"\">Svaki subjekt li\u010dnih podataka ima pravo da od Kompanije dobije informacije o tome koje ta\u010dno podatke Kompanija obra\u0111uje i \u010duva.<br>Subjekt podataka ima pravo na kopiju, a\u017euriranje i ispravku podataka, kao i pravo da zahteva ograni\u010denje obrade, prenos ili brisanje svojih podataka iz baze Kompanije.<\/p>\n\n\n\n<hr class=\"wp-block-separator has-alpha-channel-opacity\"\/>\n\n\n\n<h3 class=\"wp-block-heading\" id=\"h-kontakt-informacije-u-vezi-sa-pitanjima-o-licnim-podacima\">Kontakt informacije u vezi sa pitanjima o li\u010dnim podacima<\/h3>\n\n\n\n<p class=\"\">Za dodatne informacije u vezi sa va\u0161im li\u010dnim podacima, kao i za slanje zahteva vezanih za obradu podataka, kontaktirajte nas:<\/p>\n\n\n\n<p class=\"\"><strong>AG Skupina d.o.o.<\/strong><br>SI poreski broj: 32314418<br>Mati\u010dni broj: 6615627000<br>Poreski obveznik : Ne<br>Osnivanje preduze\u0107a: 21. 5. 2014<br>Upis u sudski registar: Okro\u017eni sud u Ljubljani<br>Broj registarskog upisa: 2014\/22392<br>Dunajska cesta 106<br>1000 Ljubljana, Slovenija<br>info@agskupina.si <br>+386 69 746 354<br><\/p>\n","protected":false},"excerpt":{"rendered":"<p>Ovde mo\u017eete saznati za\u0161to kompanija AG Skupina d.o.o. tra\u017ei da podelite svoje li\u010dne podatke prilikom kori\u0161\u0107enja na\u0161eg web-sajta i na koji na\u010din obra\u0111ujemo va\u0161e li\u010dne informacije. Kompanija AG Skupina d.o.o. (u daljem tekstu \u2013 Kompanija) u potpunosti po\u0161tuje bezbednost va\u0161ih li\u010dnih podataka. Prikupljamo odre\u0111ene li\u010dne i kontakt informacije osoba koje pose\u0107uju na\u0161 veb-sajt, tra\u017ee dodatne&#8230;<\/p>\n","protected":false},"author":2,"featured_media":0,"parent":0,"menu_order":0,"comment_status":"closed","ping_status":"closed","template":"","meta":{"_kad_blocks_custom_css":"","_kad_blocks_head_custom_js":"","_kad_blocks_body_custom_js":"","_kad_blocks_footer_custom_js":"","_kadence_starter_templates_imported_post":false,"_kad_post_transparent":"","_kad_post_title":"","_kad_post_layout":"","_kad_post_sidebar_id":"","_kad_post_content_style":"","_kad_post_vertical_padding":"","_kad_post_feature":"","_kad_post_feature_position":"","_kad_post_header":false,"_kad_post_footer":false,"footnotes":""},"class_list":["post-5045","page","type-page","status-publish","hentry"],"yoast_head":"<!-- This site is optimized with the Yoast SEO Premium plugin v26.7 (Yoast SEO v26.7) - https:\/\/yoast.com\/wordpress\/plugins\/seo\/ -->\n<title>Politika privatnosti i za\u0161tita va\u0161ih li\u010dnih podataka -<\/title>\n<meta name=\"robots\" content=\"noindex, follow, max-snippet:-1, max-image-preview:large, max-video-preview:-1\" \/>\n<meta property=\"og:locale\" content=\"sr_RS\" \/>\n<meta property=\"og:type\" content=\"article\" \/>\n<meta property=\"og:title\" content=\"Politika privatnosti i za\u0161tita va\u0161ih li\u010dnih podataka\" \/>\n<meta property=\"og:description\" content=\"Ovde mo\u017eete saznati za\u0161to kompanija AG Skupina d.o.o. tra\u017ei da podelite svoje li\u010dne podatke prilikom kori\u0161\u0107enja na\u0161eg web-sajta i na koji na\u010din obra\u0111ujemo va\u0161e li\u010dne informacije. Kompanija AG Skupina d.o.o. (u daljem tekstu \u2013 Kompanija) u potpunosti po\u0161tuje bezbednost va\u0161ih li\u010dnih podataka. Prikupljamo odre\u0111ene li\u010dne i kontakt informacije osoba koje pose\u0107uju na\u0161 veb-sajt, tra\u017ee dodatne...\" \/>\n<meta property=\"og:url\" content=\"https:\/\/norvix.eu\/sr\/privacy-policy\/\" \/>\n<meta property=\"article:modified_time\" content=\"2026-01-29T12:46:49+00:00\" \/>\n<meta name=\"twitter:card\" content=\"summary_large_image\" \/>\n<meta name=\"twitter:label1\" content=\"\u041f\u0440\u043e\u0446\u0435\u045a\u0435\u043d\u043e \u0432\u0440\u0435\u043c\u0435 \u0447\u0438\u0442\u0430\u045a\u0430\" \/>\n\t<meta name=\"twitter:data1\" content=\"6 \u043c\u0438\u043d\u0443\u0442\u0430\" \/>\n<script type=\"application\/ld+json\" class=\"yoast-schema-graph\">{\"@context\":\"https:\/\/schema.org\",\"@graph\":[{\"@type\":\"WebPage\",\"@id\":\"https:\/\/norvix.eu\/sr\/privacy-policy\/\",\"url\":\"https:\/\/norvix.eu\/sr\/privacy-policy\/\",\"name\":\"Politika privatnosti i za\u0161tita va\u0161ih li\u010dnih podataka -\",\"isPartOf\":{\"@id\":\"https:\/\/norvix.eu\/en\/#website\"},\"datePublished\":\"2025-10-27T08:35:33+00:00\",\"dateModified\":\"2026-01-29T12:46:49+00:00\",\"breadcrumb\":{\"@id\":\"https:\/\/norvix.eu\/sr\/privacy-policy\/#breadcrumb\"},\"inLanguage\":\"sr-RS\",\"potentialAction\":[{\"@type\":\"ReadAction\",\"target\":[\"https:\/\/norvix.eu\/sr\/privacy-policy\/\"]}]},{\"@type\":\"BreadcrumbList\",\"@id\":\"https:\/\/norvix.eu\/sr\/privacy-policy\/#breadcrumb\",\"itemListElement\":[{\"@type\":\"ListItem\",\"position\":1,\"name\":\"Home\",\"item\":\"https:\/\/norvix.eu\/sr\/\"},{\"@type\":\"ListItem\",\"position\":2,\"name\":\"Politika privatnosti i za\u0161tita va\u0161ih li\u010dnih podataka\"}]},{\"@type\":\"WebSite\",\"@id\":\"https:\/\/norvix.eu\/en\/#website\",\"url\":\"https:\/\/norvix.eu\/en\/\",\"name\":\"\",\"description\":\"\",\"potentialAction\":[{\"@type\":\"SearchAction\",\"target\":{\"@type\":\"EntryPoint\",\"urlTemplate\":\"https:\/\/norvix.eu\/en\/?s={search_term_string}\"},\"query-input\":{\"@type\":\"PropertyValueSpecification\",\"valueRequired\":true,\"valueName\":\"search_term_string\"}}],\"inLanguage\":\"sr-RS\"}]}<\/script>\n<!-- \/ Yoast SEO Premium plugin. -->","yoast_head_json":{"title":"Politika privatnosti i za\u0161tita va\u0161ih li\u010dnih podataka -","robots":{"index":"noindex","follow":"follow","max-snippet":"max-snippet:-1","max-image-preview":"max-image-preview:large","max-video-preview":"max-video-preview:-1"},"og_locale":"sr_RS","og_type":"article","og_title":"Politika privatnosti i za\u0161tita va\u0161ih li\u010dnih podataka","og_description":"Ovde mo\u017eete saznati za\u0161to kompanija AG Skupina d.o.o. tra\u017ei da podelite svoje li\u010dne podatke prilikom kori\u0161\u0107enja na\u0161eg web-sajta i na koji na\u010din obra\u0111ujemo va\u0161e li\u010dne informacije. Kompanija AG Skupina d.o.o. (u daljem tekstu \u2013 Kompanija) u potpunosti po\u0161tuje bezbednost va\u0161ih li\u010dnih podataka. Prikupljamo odre\u0111ene li\u010dne i kontakt informacije osoba koje pose\u0107uju na\u0161 veb-sajt, tra\u017ee dodatne...","og_url":"https:\/\/norvix.eu\/sr\/privacy-policy\/","article_modified_time":"2026-01-29T12:46:49+00:00","twitter_card":"summary_large_image","twitter_misc":{"\u041f\u0440\u043e\u0446\u0435\u045a\u0435\u043d\u043e \u0432\u0440\u0435\u043c\u0435 \u0447\u0438\u0442\u0430\u045a\u0430":"6 \u043c\u0438\u043d\u0443\u0442\u0430"},"schema":{"@context":"https:\/\/schema.org","@graph":[{"@type":"WebPage","@id":"https:\/\/norvix.eu\/sr\/privacy-policy\/","url":"https:\/\/norvix.eu\/sr\/privacy-policy\/","name":"Politika privatnosti i za\u0161tita va\u0161ih li\u010dnih podataka -","isPartOf":{"@id":"https:\/\/norvix.eu\/en\/#website"},"datePublished":"2025-10-27T08:35:33+00:00","dateModified":"2026-01-29T12:46:49+00:00","breadcrumb":{"@id":"https:\/\/norvix.eu\/sr\/privacy-policy\/#breadcrumb"},"inLanguage":"sr-RS","potentialAction":[{"@type":"ReadAction","target":["https:\/\/norvix.eu\/sr\/privacy-policy\/"]}]},{"@type":"BreadcrumbList","@id":"https:\/\/norvix.eu\/sr\/privacy-policy\/#breadcrumb","itemListElement":[{"@type":"ListItem","position":1,"name":"Home","item":"https:\/\/norvix.eu\/sr\/"},{"@type":"ListItem","position":2,"name":"Politika privatnosti i za\u0161tita va\u0161ih li\u010dnih podataka"}]},{"@type":"WebSite","@id":"https:\/\/norvix.eu\/en\/#website","url":"https:\/\/norvix.eu\/en\/","name":"","description":"","potentialAction":[{"@type":"SearchAction","target":{"@type":"EntryPoint","urlTemplate":"https:\/\/norvix.eu\/en\/?s={search_term_string}"},"query-input":{"@type":"PropertyValueSpecification","valueRequired":true,"valueName":"search_term_string"}}],"inLanguage":"sr-RS"}]}},"taxonomy_info":[],"featured_image_src_large":false,"author_info":{"display_name":"\u041a\u0438\u0440\u0438\u043b\u043b \u041f\u043e\u043b\u044f\u043a\u043e\u0432","author_link":"https:\/\/norvix.eu\/sr\/author\/kirill\/"},"comment_info":0,"_links":{"self":[{"href":"https:\/\/norvix.eu\/sr\/wp-json\/wp\/v2\/pages\/5045","targetHints":{"allow":["GET"]}}],"collection":[{"href":"https:\/\/norvix.eu\/sr\/wp-json\/wp\/v2\/pages"}],"about":[{"href":"https:\/\/norvix.eu\/sr\/wp-json\/wp\/v2\/types\/page"}],"author":[{"embeddable":true,"href":"https:\/\/norvix.eu\/sr\/wp-json\/wp\/v2\/users\/2"}],"replies":[{"embeddable":true,"href":"https:\/\/norvix.eu\/sr\/wp-json\/wp\/v2\/comments?post=5045"}],"version-history":[{"count":7,"href":"https:\/\/norvix.eu\/sr\/wp-json\/wp\/v2\/pages\/5045\/revisions"}],"predecessor-version":[{"id":7324,"href":"https:\/\/norvix.eu\/sr\/wp-json\/wp\/v2\/pages\/5045\/revisions\/7324"}],"wp:attachment":[{"href":"https:\/\/norvix.eu\/sr\/wp-json\/wp\/v2\/media?parent=5045"}],"curies":[{"name":"wp","href":"https:\/\/api.w.org\/{rel}","templated":true}]}}