
{"id":5058,"date":"2025-10-27T09:00:25","date_gmt":"2025-10-27T09:00:25","guid":{"rendered":"https:\/\/norvix.eu\/?page_id=5058"},"modified":"2026-01-29T15:00:50","modified_gmt":"2026-01-29T15:00:50","slug":"terms-conditions","status":"publish","type":"page","link":"https:\/\/norvix.eu\/sr\/terms-conditions\/","title":{"rendered":"Uslovi kori\u0161\u0107enja"},"content":{"rendered":"\n<div class=\"wp-block-group container\"><div class=\"wp-block-group__inner-container is-layout-constrained wp-block-group-is-layout-constrained\">\n<p class=\"has-medium-font-size\"><strong><strong>Op\u0161te odredbe<\/strong><\/strong><\/p>\n\n\n\n<p id=\"E334\" class=\"\">Op\u0161ti uslovi kori\u0161\u0107enja <strong>AG Skupina d.o.o.<\/strong> sa\u010dinjeni su u skladu sa Zakonom o za\u0161titi potro\u0161a\u010da (<a href=\"https:\/\/pisrs.si\/pregledPredpisa?id=ZAKO7054\">ZVPot-1<\/a>), Zakonom o za\u0161titi li\u010dnih podataka (<a href=\"https:\/\/pisrs.si\/pregledPredpisa?id=ZAKO7959\">ZVOP-2<\/a>) i Zakonom o elektronskim komunikacijama (<a href=\"https:\/\/pisrs.si\/pregledPredpisa?id=ZAKO8611\">ZEKom-2<\/a>).<\/p>\n\n\n\n<p id=\"E336\" class=\"\">Ovi uslovi kori\u0161\u0107enja reguli\u0161u va\u0161 pristup <strong>AG Skupina d.o.o.<\/strong> veb stranicu i kori\u0161\u0107enje svih usluga na njoj. Podno\u0161enjem obrasca za upit i izri\u010ditom potvrdom da se sla\u017eete sa uslovima kori\u0161\u0107enja, potvr\u0111ujete da ste ih pro\u010ditali, razumeli i saglasni ste sa njima.<\/p>\n\n\n\n<p class=\"has-medium-font-size\"><strong><strong>Prihvatljiva upotreba<\/strong><\/strong><\/p>\n\n\n\n<p id=\"E342\" class=\"\">Saglasni ste da koristite veb lokaciju u skladu sa va\u017ee\u0107im zakonima, bez kr\u0161enja prava tre\u0107ih lica ili nano\u0161enja \u0161tete veb stranici.<\/p>\n\n\n\n<p id=\"E344\" class=\"\">Zabranjeno je:<\/p>\n\n\n\n<ul class=\"wp-block-list\">\n<li>distribucija zlonamerne programske opreme i ne\u017eeljene po\u0161te;<\/li>\n\n\n\n<li>poku\u0161aji neovla\u0161\u0107enog pristupa nalozima drugih korisnika;<\/li>\n\n\n\n<li>kori\u0161\u0107enje sadr\u017eaja veb stranice u komercijalne svrhe bez saglasnosti kompanije.<\/li>\n<\/ul>\n\n\n\n<p class=\"has-medium-font-size\"><strong><strong>Intelektualna svojina<\/strong><\/strong><\/p>\n\n\n\n<p class=\"\">Svi materijali na veb stranici, uklju\u010duju\u0107i tekstove, grafike, logotipe, vlasni\u0161tvo su <strong>AG Skupina d.o.o.<\/strong> i za\u0161ti\u0107eni su zakonom o autorskim pravima. Materijal mo\u017eete koristiti samo za li\u010dnu, nekomercijalnu upotrebu.<\/p>\n\n\n\n<p class=\"has-medium-font-size\"><strong><strong>Politika za\u0161tite potro\u0161a\u010da<\/strong><\/strong><\/p>\n\n\n\n<p class=\"\">Preduze\u0107e <strong>AG Skupina d.o.o.<\/strong> po\u0161tuje principe za\u0161tite potro\u0161a\u010da u skladu sa slovena\u010dkim zakonodavstvom i korisnicima pru\u017ea sve potrebne informacije o svojim uslugama. Trudimo se da pru\u017eene usluge odgovaraju opisu i va\u0161im o\u010dekivanjima.<\/p>\n\n\n\n<p class=\"has-medium-font-size\"><strong><strong>Uslovi pla\u0107anja<\/strong><\/strong><\/p>\n\n\n\n<p class=\"\"><strong><strong>Pla\u0107anje<\/strong><\/strong><\/p>\n\n\n\n<p class=\"\">Pla\u0107anje usluga se vr\u0161i putem izdatog predra\u010duna ili ra\u010duna koji je na\u0161 menad\u017eer napravio nakon va\u0161e potvrde. Pla\u0107anje usluga direktno na sajtu nije mogu\u0107e. Na e-mail \u0107ete dobiti ra\u010dun sa kona\u010dnom cenom usluge, a pla\u0107anje \u0107e biti izvr\u0161eno u skladu sa podacima i uslovima navedenim na ra\u010dunu.<\/p>\n\n\n\n<p class=\"\"><strong><strong><strong>Informacije o uslovima odustajanja od proizvoda &#8222;Online kursevi slovena\u010dkog jezika&#8220;<\/strong><\/strong><\/strong><\/p>\n\n\n\n<p id=\"E379\" class=\"\">Imajte na umu da se iznos usluge (\u201eOnline kursevi slovena\u010dkog jezika\u201c) ne vra\u0107a kada kurs po\u010dne. Nakon uplate, korisnik dobija pun pristup kursu i edukativnim materijalima koji pokrivaju ceo planirani proces u\u010denja. Onlajn kursevi jezika (na daljinu) su specifi\u010dna usluga za slobodno vreme u vezi sa kojom kompanija <strong>AG Skupina d.o.o.<\/strong> obavezuje se da \u0107e je zavr\u0161iti na ta\u010dno odre\u0111eni datum ili u ta\u010dno odre\u0111enom roku. Dakle, u skladu sa ta\u010dkom 12. \u010dlana 135. ZVPot-1, korisnik nema pravo da odustane od ugovora na na\u010din da bi mogao da zahteva povra\u0107ak ve\u0107 upla\u0107enog iznosa.<\/p>\n\n\n\n<p id=\"E381\" class=\"\">Preporu\u010dujemo da pa\u017eljivo pro\u010ditate opis usluga i postavite sva pitanja pre nego \u0161to potvrdite. U slu\u010daju dodatnih pitanja, obratite se menad\u017eeru.<\/p>\n\n\n\n<p class=\"\"><strong><strong><strong><strong>Postupanje sa \u017ealbama i re\u0161avanje sporova<\/strong><\/strong><\/strong><\/strong><\/p>\n\n\n\n<p class=\"\">Za tuma\u010denje uslova prodaje ili ugovora zaklju\u010denih izme\u0111u preduze\u0107a <strong>AG Skupina d.o.o.<\/strong> i&nbsp; kupca, va\u017ei&nbsp; isklju\u010divo pravo Republike Slovenije. Ugovorne strane se obavezuju da \u0107e sve sporove re\u0161avati mirnim putem, a u slu\u010daju iscrpljivanja svih vansudskih na\u010dina za postizanje sporazuma, za re\u0161avanje potro\u0161a\u010dkog spora nadle\u017ean je Okru\u017eni sud u Ljubljani. U skladu sa zakonskom regulativom <strong>AG Skupina d.o.o.<\/strong> ne priznaje nijednog pru\u017eaoca vansudskog poravnanja odgovornog za re\u0161avanje potro\u0161a\u010dkog spora koji bi potro\u0161a\u010d mogao da pokrene u skladu sa Zakonom o vansudskom re\u0161avanju potro\u0161a\u010dkih sporova.<\/p>\n\n\n\n<p class=\"\"><strong>AG Skupina d.o.o.<\/strong> po\u0161tuje va\u017ee\u0107e zakone o za\u0161titi potro\u0161a\u010da i obezbe\u0111uje efikasno i poverljivo re\u0161avanje \u017ealbi. Reklamacije <strong>AG Skupina d.o.o.<\/strong> prima na e-mail adresu: info@agskupina.si.<\/p>\n\n\n\n<p class=\"\"><strong><strong><strong>Garancija usagla\u0161enosti usluge<\/strong><\/strong><\/strong><\/p>\n\n\n\n<p class=\"\">Korisnik, koji je potro\u0161a\u010d, mo\u017ee ostvariti svoja prava po garanciji za usagla\u0161enost usluge, ako su ispunjeni uslovi navedeni u ZVPot-1. U slu\u010daju nepravilnosti u pru\u017eanju usluge, korisnik koji nas je obavestio mo\u017ee:<\/p>\n\n\n\n<ul class=\"wp-block-list\">\n<li>zahtevati besplatno ispravljanje nepravilnosti u pru\u017eenoj usluzi;<\/li>\n\n\n\n<li>zahtevati ponovno obavljanje usluge;<\/li>\n\n\n\n<li>zahtevati povra\u0107aj dela kupoprodajne cene srazmerno nepravilnostima u pru\u017eenoj usluzi ili odustane od ugovora i zahteva povra\u0107aj upla\u0107enog iznosa.<\/li>\n<\/ul>\n\n\n\n<p class=\"\">Ukoliko se ne ospori postojanje nepravilnosti u pru\u017eenoj usluzi, postupi\u0107emo po zahtevu korisnika u najkra\u0107em mogu\u0107em roku, a najkasnije u roku od osam dana. Ukoliko se ospori postojanje nepravilnosti, na zahtev korisnika \u0107emo odgovoriti u pisanoj formi u roku od osam dana od dana prijema. Rokovi utvr\u0111eni za odgovornost preduze\u0107a za neusagla\u0161enost robe smi\u0161ljeno se primenjuju i na neusagla\u0161enost usluge, osim ako posebnim zakonom ili ugovornim odredbama nije odre\u0111en druga\u010diji rok.<\/p>\n\n\n\n<p class=\"\"><strong><strong><strong>Veze ka resursima tre\u0107ih strana<\/strong><\/strong><\/strong><\/p>\n\n\n\n<p class=\"\">Veb lokacija mo\u017ee sadr\u017eati veze ka veb lokacijama tre\u0107ih strana. Preduze\u0107e 2TM d.o.o. nije odgovorno za sadr\u017eaj ili politike takvih resursa, a pristup im je na sopstveni rizik.<\/p>\n\n\n\n<p class=\"\"><strong><strong><strong>Promene Uslova kori\u0161\u0107enja<\/strong><\/strong><\/strong><\/p>\n\n\n\n<p class=\"\">Preduze\u0107e <strong>AG Skupina d.o.o.<\/strong> zadr\u017eava pravo da promeni ove odredbe i uslove. A\u017eurirani uslovi \u0107\u0301e biti objavljeni na ovoj stranici i stupi\u0107e na snagu od datuma objavljivanja. Za postoje\u0107e pravne odnose izmenjeni uslovi se primenjuju samo u slu\u010daju izri\u010dite izjave korisnika usluga da je upoznat sa novim uslovima i da je saglasan sa njihovim kori\u0161\u0107enjem.<\/p>\n\n\n\n<p class=\"has-medium-font-size\"><strong><strong><strong>Kontaktni podaci<\/strong><\/strong><\/strong><\/p>\n\n\n\n<p class=\"\">Ako imate pitanja o ovim uslovima ili \u017eelite da postavite pitanje o na\u0161im uslugama, kontaktirajte nas na: info@agskupina.si ili na telefon +386 69 746 354.<\/p>\n\n\n\n<p class=\"\"><strong><strong><strong>Dokumenti<\/strong><\/strong><\/strong><\/p>\n\n\n\n<details class=\"wp-block-details is-layout-flow wp-block-details-is-layout-flow\"><summary>Obrazac sa informacijama u vezi sa ostvarivanjem prava potro\u0161a\u010da na odustanak od ugovora<\/summary>\n<p class=\"\"><strong><em><strong><strong>OBRAZAC SA INFORMACIJAMA U VEZI SA OSTVARIVANJEM<\/strong><\/strong><\/em><\/strong><\/p>\n\n\n\n<p class=\"\"><strong><em><strong><strong>PRAVA POTRO\u0160A\u010cA DA ODUSTAJE OD UGOVORA<\/strong><\/strong><\/em><\/strong><\/p>\n\n\n\n<p class=\"\"><strong><strong><strong>Pravo na odustajanje od ugovora<\/strong><\/strong><\/strong><\/p>\n\n\n\n<p class=\"\">Potro\u0161a\u010d ima pravo da odustane od ovog ugovora u roku od 14 dana bez navo\u0111enja razloga. Rok za povla\u010denje isti\u010de u roku od 14 dana od dana zaklju\u010denja ugovora. Da bi ostvario pravo na odustanak, potro\u0161a\u010d mora da obavesti <strong>AG Skupina d.o.o.<\/strong>, Dunajska cesta 106, 1000 Ljubljana (tel. +386 69 746 354, e-mail: info@agskupina.si) o svojoj odluci da odustane od ovog ugovora nedvosmislenom izjavom (npr. poslatim pismom ili elektronskom po\u0161tom). U tu svrhu potro\u0161a\u010d opciono mo\u017ee koristiti prilo\u017eeni obrazac za odustajanje od ugovora zaklju\u010denog na daljinu.<\/p>\n\n\n\n<p class=\"\">Da bi se rok za odustajanje od ugovora uzeo u obzir, dovoljno je da se obave\u0161tenje u vezi sa ostvarivanjem prava potro\u0161a\u010da na odustanak od ugovora po\u0161alje pre isteka roka za odustajanje od ovog ugovora.<\/p>\n\n\n\n<p class=\"\"><strong><strong>U\u010dinak odustajanja od ugovora<\/strong><\/strong><\/p>\n\n\n\n<p class=\"\">Ako potro\u0161a\u010d odustane od ovog ugovora, kompanija \u0107e mu nadoknaditi bez nepotrebnog odlaganja, &nbsp;u svakom slu\u010daju najkasnije u roku od 14 dana od dana prijema obave\u0161tenja o odustajanju od ovog ugovora, sve primljene uplate za usluge koje nisu pru\u017eene kori\u0161\u0107enjem istog sredstva pla\u0107anja kao \u0161to je kori\u0161c\u0107no u izvr\u0161enju prvobitne transakcije, osim ako je izri\u010dito druga\u010dije ugovoreno; ni u kom slu\u010daju potro\u0161a\u010d ne\u0107e snositi nikakve tro\u0161kove kao rezultat ovog povra\u0107aja.<\/p>\n\n\n\n<p class=\"\">Ukoliko obavljanje usluga po\u010dne u roku za odustajanje, potro\u0161a\u010d je du\u017ean da plati kompaniji iznos koji je srazmeran izvr\u0161enim uslugama do trenutka kada je obavestio kompaniju o odustajanju od ugovora, na osnovu celokupnog obima ugovora.<\/p>\n<\/details>\n\n\n\n<details class=\"wp-block-details is-layout-flow wp-block-details-is-layout-flow\"><summary>Obrazac za ostvarivanje prava na odustanak od ugovora<\/summary>\n<div data-wp-interactive=\"core\/file\" class=\"wp-block-file\"><object data-wp-bind--hidden=\"!state.hasPdfPreview\" hidden class=\"wp-block-file__embed\" data=\"https:\/\/2tm.eu\/content\/uploads\/2025\/03\/zahtev-za-odustajanje-od-ugovora.pdf\" type=\"application\/pdf\" style=\"width:100%;height:600px\" aria-label=\"\u0423\u0433\u043d\u0435\u0437\u0434\u0438\u0442\u0438 Zahtev za odustajanje od ugovora.\"><\/object><a id=\"wp-block-file--media-6589610c-b96d-431f-9ecc-2353343f5ff0\" href=\"https:\/\/2tm.eu\/content\/uploads\/2025\/03\/zahtev-za-odustajanje-od-ugovora.pdf\">Zahtev za odustajanje od ugovora<\/a><a href=\"https:\/\/2tm.eu\/content\/uploads\/2025\/03\/zahtev-za-odustajanje-od-ugovora.pdf\" class=\"wp-block-file__button wp-element-button\" download aria-describedby=\"wp-block-file--media-6589610c-b96d-431f-9ecc-2353343f5ff0\">\u0421\u043a\u0430\u0447\u0430\u0442\u044c<\/a><\/div>\n<\/details>\n\n\n\n<p class=\"\"><strong>Podaci o kompaniji:<\/strong><\/p>\n\n\n\n<p class=\"\"><em>AG Skupina d.o.o.<\/em><br>SI poreski broj: 32314418<br>Mati\u010dni broj: 6615627000<br>Poreski obveznik : Ne<br>Osnivanje preduze\u0107a: 21.5.2014 <br>Upis u sudski registar: Okro\u017eni sud u Ljubljani<br>Broj registarskog upisa: 2014\/22392<br>Dunajska cesta 106,<br>1000 Ljubljana, Slovenija<br>info@agskupina.si<br>+386 69 746 354<\/p>\n\n\n\n<p class=\"\">Uslovi kori\u0161\u0107enja va\u017ee od Januara 2026<\/p>\n<\/div><\/div>\n\n\n\n<p class=\"\"><\/p>\n","protected":false},"excerpt":{"rendered":"<p>Op\u0161te odredbe Op\u0161ti uslovi kori\u0161\u0107enja AG Skupina d.o.o. sa\u010dinjeni su u skladu sa Zakonom o za\u0161titi potro\u0161a\u010da (ZVPot-1), Zakonom o za\u0161titi li\u010dnih podataka (ZVOP-2) i Zakonom o elektronskim komunikacijama (ZEKom-2). Ovi uslovi kori\u0161\u0107enja reguli\u0161u va\u0161 pristup AG Skupina d.o.o. veb stranicu i kori\u0161\u0107enje svih usluga na njoj. Podno\u0161enjem obrasca za upit i izri\u010ditom potvrdom da&#8230;<\/p>\n","protected":false},"author":2,"featured_media":0,"parent":0,"menu_order":0,"comment_status":"closed","ping_status":"closed","template":"","meta":{"_kad_blocks_custom_css":"","_kad_blocks_head_custom_js":"","_kad_blocks_body_custom_js":"","_kad_blocks_footer_custom_js":"","_kadence_starter_templates_imported_post":false,"_kad_post_transparent":"","_kad_post_title":"","_kad_post_layout":"","_kad_post_sidebar_id":"","_kad_post_content_style":"","_kad_post_vertical_padding":"","_kad_post_feature":"","_kad_post_feature_position":"","_kad_post_header":false,"_kad_post_footer":false,"footnotes":""},"class_list":["post-5058","page","type-page","status-publish","hentry"],"yoast_head":"<!-- This site is optimized with the Yoast SEO Premium plugin v26.7 (Yoast SEO v26.7) - https:\/\/yoast.com\/wordpress\/plugins\/seo\/ -->\n<title>Uslovi kori\u0161\u0107enja -<\/title>\n<meta name=\"robots\" content=\"noindex, follow, max-snippet:-1, max-image-preview:large, max-video-preview:-1\" \/>\n<meta property=\"og:locale\" content=\"sr_RS\" \/>\n<meta property=\"og:type\" content=\"article\" \/>\n<meta property=\"og:title\" content=\"Uslovi kori\u0161\u0107enja\" \/>\n<meta property=\"og:description\" content=\"Op\u0161te odredbe Op\u0161ti uslovi kori\u0161\u0107enja AG Skupina d.o.o. sa\u010dinjeni su u skladu sa Zakonom o za\u0161titi potro\u0161a\u010da (ZVPot-1), Zakonom o za\u0161titi li\u010dnih podataka (ZVOP-2) i Zakonom o elektronskim komunikacijama (ZEKom-2). Ovi uslovi kori\u0161\u0107enja reguli\u0161u va\u0161 pristup AG Skupina d.o.o. veb stranicu i kori\u0161\u0107enje svih usluga na njoj. Podno\u0161enjem obrasca za upit i izri\u010ditom potvrdom da...\" \/>\n<meta property=\"og:url\" content=\"https:\/\/norvix.eu\/sr\/terms-conditions\/\" \/>\n<meta property=\"article:modified_time\" content=\"2026-01-29T15:00:50+00:00\" \/>\n<meta name=\"twitter:card\" content=\"summary_large_image\" \/>\n<meta name=\"twitter:label1\" content=\"\u041f\u0440\u043e\u0446\u0435\u045a\u0435\u043d\u043e \u0432\u0440\u0435\u043c\u0435 \u0447\u0438\u0442\u0430\u045a\u0430\" \/>\n\t<meta name=\"twitter:data1\" content=\"6 \u043c\u0438\u043d\u0443\u0442\u0430\" \/>\n<script type=\"application\/ld+json\" class=\"yoast-schema-graph\">{\"@context\":\"https:\/\/schema.org\",\"@graph\":[{\"@type\":\"WebPage\",\"@id\":\"https:\/\/norvix.eu\/sr\/terms-conditions\/\",\"url\":\"https:\/\/norvix.eu\/sr\/terms-conditions\/\",\"name\":\"Uslovi kori\u0161\u0107enja -\",\"isPartOf\":{\"@id\":\"https:\/\/norvix.eu\/en\/#website\"},\"datePublished\":\"2025-10-27T09:00:25+00:00\",\"dateModified\":\"2026-01-29T15:00:50+00:00\",\"breadcrumb\":{\"@id\":\"https:\/\/norvix.eu\/sr\/terms-conditions\/#breadcrumb\"},\"inLanguage\":\"sr-RS\",\"potentialAction\":[{\"@type\":\"ReadAction\",\"target\":[\"https:\/\/norvix.eu\/sr\/terms-conditions\/\"]}]},{\"@type\":\"BreadcrumbList\",\"@id\":\"https:\/\/norvix.eu\/sr\/terms-conditions\/#breadcrumb\",\"itemListElement\":[{\"@type\":\"ListItem\",\"position\":1,\"name\":\"Home\",\"item\":\"https:\/\/norvix.eu\/sr\/\"},{\"@type\":\"ListItem\",\"position\":2,\"name\":\"Uslovi kori\u0161\u0107enja\"}]},{\"@type\":\"WebSite\",\"@id\":\"https:\/\/norvix.eu\/en\/#website\",\"url\":\"https:\/\/norvix.eu\/en\/\",\"name\":\"\",\"description\":\"\",\"potentialAction\":[{\"@type\":\"SearchAction\",\"target\":{\"@type\":\"EntryPoint\",\"urlTemplate\":\"https:\/\/norvix.eu\/en\/?s={search_term_string}\"},\"query-input\":{\"@type\":\"PropertyValueSpecification\",\"valueRequired\":true,\"valueName\":\"search_term_string\"}}],\"inLanguage\":\"sr-RS\"}]}<\/script>\n<!-- \/ Yoast SEO Premium plugin. -->","yoast_head_json":{"title":"Uslovi kori\u0161\u0107enja -","robots":{"index":"noindex","follow":"follow","max-snippet":"max-snippet:-1","max-image-preview":"max-image-preview:large","max-video-preview":"max-video-preview:-1"},"og_locale":"sr_RS","og_type":"article","og_title":"Uslovi kori\u0161\u0107enja","og_description":"Op\u0161te odredbe Op\u0161ti uslovi kori\u0161\u0107enja AG Skupina d.o.o. sa\u010dinjeni su u skladu sa Zakonom o za\u0161titi potro\u0161a\u010da (ZVPot-1), Zakonom o za\u0161titi li\u010dnih podataka (ZVOP-2) i Zakonom o elektronskim komunikacijama (ZEKom-2). Ovi uslovi kori\u0161\u0107enja reguli\u0161u va\u0161 pristup AG Skupina d.o.o. veb stranicu i kori\u0161\u0107enje svih usluga na njoj. Podno\u0161enjem obrasca za upit i izri\u010ditom potvrdom da...","og_url":"https:\/\/norvix.eu\/sr\/terms-conditions\/","article_modified_time":"2026-01-29T15:00:50+00:00","twitter_card":"summary_large_image","twitter_misc":{"\u041f\u0440\u043e\u0446\u0435\u045a\u0435\u043d\u043e \u0432\u0440\u0435\u043c\u0435 \u0447\u0438\u0442\u0430\u045a\u0430":"6 \u043c\u0438\u043d\u0443\u0442\u0430"},"schema":{"@context":"https:\/\/schema.org","@graph":[{"@type":"WebPage","@id":"https:\/\/norvix.eu\/sr\/terms-conditions\/","url":"https:\/\/norvix.eu\/sr\/terms-conditions\/","name":"Uslovi kori\u0161\u0107enja -","isPartOf":{"@id":"https:\/\/norvix.eu\/en\/#website"},"datePublished":"2025-10-27T09:00:25+00:00","dateModified":"2026-01-29T15:00:50+00:00","breadcrumb":{"@id":"https:\/\/norvix.eu\/sr\/terms-conditions\/#breadcrumb"},"inLanguage":"sr-RS","potentialAction":[{"@type":"ReadAction","target":["https:\/\/norvix.eu\/sr\/terms-conditions\/"]}]},{"@type":"BreadcrumbList","@id":"https:\/\/norvix.eu\/sr\/terms-conditions\/#breadcrumb","itemListElement":[{"@type":"ListItem","position":1,"name":"Home","item":"https:\/\/norvix.eu\/sr\/"},{"@type":"ListItem","position":2,"name":"Uslovi kori\u0161\u0107enja"}]},{"@type":"WebSite","@id":"https:\/\/norvix.eu\/en\/#website","url":"https:\/\/norvix.eu\/en\/","name":"","description":"","potentialAction":[{"@type":"SearchAction","target":{"@type":"EntryPoint","urlTemplate":"https:\/\/norvix.eu\/en\/?s={search_term_string}"},"query-input":{"@type":"PropertyValueSpecification","valueRequired":true,"valueName":"search_term_string"}}],"inLanguage":"sr-RS"}]}},"taxonomy_info":[],"featured_image_src_large":false,"author_info":{"display_name":"\u041a\u0438\u0440\u0438\u043b\u043b \u041f\u043e\u043b\u044f\u043a\u043e\u0432","author_link":"https:\/\/norvix.eu\/sr\/author\/kirill\/"},"comment_info":0,"_links":{"self":[{"href":"https:\/\/norvix.eu\/sr\/wp-json\/wp\/v2\/pages\/5058","targetHints":{"allow":["GET"]}}],"collection":[{"href":"https:\/\/norvix.eu\/sr\/wp-json\/wp\/v2\/pages"}],"about":[{"href":"https:\/\/norvix.eu\/sr\/wp-json\/wp\/v2\/types\/page"}],"author":[{"embeddable":true,"href":"https:\/\/norvix.eu\/sr\/wp-json\/wp\/v2\/users\/2"}],"replies":[{"embeddable":true,"href":"https:\/\/norvix.eu\/sr\/wp-json\/wp\/v2\/comments?post=5058"}],"version-history":[{"count":5,"href":"https:\/\/norvix.eu\/sr\/wp-json\/wp\/v2\/pages\/5058\/revisions"}],"predecessor-version":[{"id":7356,"href":"https:\/\/norvix.eu\/sr\/wp-json\/wp\/v2\/pages\/5058\/revisions\/7356"}],"wp:attachment":[{"href":"https:\/\/norvix.eu\/sr\/wp-json\/wp\/v2\/media?parent=5058"}],"curies":[{"name":"wp","href":"https:\/\/api.w.org\/{rel}","templated":true}]}}